{"id":6,"date":"2015-12-05T13:36:55","date_gmt":"2015-12-05T13:36:55","guid":{"rendered":"http:\/\/www.fogorvos-fogaszat.hu\/en\/?page_id=6"},"modified":"2022-01-11T16:01:38","modified_gmt":"2022-01-11T16:01:38","slug":"kapcsolat","status":"publish","type":"page","link":"https:\/\/www.fogorvos-fogaszat.hu\/en\/contact-us\/","title":{"rendered":"Contact Us"},"content":{"rendered":"<p>Public transport:<br \/>\n&#8211; Bus 9, 109 to Kolosy t\u00e9r<br \/>\n&#8211; HEV to Szentendre, get off at Sz\u00e9pv\u00f6lgyi ut station<\/p>","protected":false},"excerpt":{"rendered":"<p>Public transport: &#8211; Bus 9, 109 to Kolosy t\u00e9r &#8211; HEV to Szentendre, get off at Sz\u00e9pv\u00f6lgyi ut station<\/p>\n","protected":false},"author":1,"featured_media":0,"parent":0,"menu_order":0,"comment_status":"closed","ping_status":"closed","template":"page-templates\/contactPage.php","meta":[],"_links":{"self":[{"href":"https:\/\/www.fogorvos-fogaszat.hu\/en\/wp-json\/wp\/v2\/pages\/6"}],"collection":[{"href":"https:\/\/www.fogorvos-fogaszat.hu\/en\/wp-json\/wp\/v2\/pages"}],"about":[{"href":"https:\/\/www.fogorvos-fogaszat.hu\/en\/wp-json\/wp\/v2\/types\/page"}],"author":[{"embeddable":true,"href":"https:\/\/www.fogorvos-fogaszat.hu\/en\/wp-json\/wp\/v2\/users\/1"}],"replies":[{"embeddable":true,"href":"https:\/\/www.fogorvos-fogaszat.hu\/en\/wp-json\/wp\/v2\/comments?post=6"}],"version-history":[{"count":34,"href":"https:\/\/www.fogorvos-fogaszat.hu\/en\/wp-json\/wp\/v2\/pages\/6\/revisions"}],"predecessor-version":[{"id":794,"href":"https:\/\/www.fogorvos-fogaszat.hu\/en\/wp-json\/wp\/v2\/pages\/6\/revisions\/794"}],"wp:attachment":[{"href":"https:\/\/www.fogorvos-fogaszat.hu\/en\/wp-json\/wp\/v2\/media?parent=6"}],"curies":[{"name":"wp","href":"https:\/\/api.w.org\/{rel}","templated":true}]}}