{"id":16,"date":"2015-12-05T14:42:54","date_gmt":"2015-12-05T14:42:54","guid":{"rendered":"http:\/\/www.fogorvos-fogaszat.hu\/?page_id=16"},"modified":"2022-04-20T06:32:04","modified_gmt":"2022-04-20T06:32:04","slug":"rolunk","status":"publish","type":"page","link":"https:\/\/www.fogorvos-fogaszat.hu\/en\/about-us\/","title":{"rendered":"About Us"},"content":{"rendered":"<p>My name is <strong>Dr G\u00e1bor Hargitai<\/strong>, Managing Director of <strong>Hargitai Dental<\/strong>, a prestigious dental surgery in Budapest, Hungary. I graduated from Semmelweis Medical University, Budapest, in 1979 with a degree in dentistry. Hargitai Dental Eszt\u00e9tikai Fog\u00e1szat \u00e9s Fog\u00f3tl\u00e1s Centrum has been offering a full range of dental treatment since 1996. Our surgery has been elected a reference facility for the world-famous 3M\u2122 ESPE\u2122, the American-German market-leading dental company manufacturing and marketing more than 2,000 products and services designed to help dental professionals improve their patients\u2019 oral health care.. For us, this status is a great honour; it is also an acknowledgement of our high standards and professionalism.<\/p>\n<p>Our aim is to heal without causing pain. We operate from a superbly equipped, air-conditioned surgery using only state-of-the-art tools and materials.<\/p>\n<p>We recommended you make an appointment by calling our office before you arrive. Please note, however, that priority is given to urgent cases.<\/p>\n<p><img decoding=\"async\" loading=\"lazy\" class=\"aligncenter size-full wp-image-401\" src=\"https:\/\/www.fogorvos-fogaszat.hu\/wp-content\/uploads\/2015\/12\/dsc0069-300x1991.jpg\" alt=\"dsc0069-300x199\" width=\"300\" height=\"199\" \/><\/p>","protected":false},"excerpt":{"rendered":"<p>My name is Dr G\u00e1bor Hargitai, Managing Director of Hargitai Dental, a prestigious dental surgery in Budapest, Hungary. I graduated from Semmelweis Medical University, Budapest, in 1979 with a degree in dentistry. Hargitai Dental Eszt\u00e9tikai Fog\u00e1szat \u00e9s Fog\u00f3tl\u00e1s Centrum has been offering a full range of dental treatment since 1996. Our surgery has been elected&#8230;<\/p>\n","protected":false},"author":1,"featured_media":0,"parent":0,"menu_order":0,"comment_status":"closed","ping_status":"closed","template":"page-templates\/aboutPage.php","meta":[],"_links":{"self":[{"href":"https:\/\/www.fogorvos-fogaszat.hu\/en\/wp-json\/wp\/v2\/pages\/16"}],"collection":[{"href":"https:\/\/www.fogorvos-fogaszat.hu\/en\/wp-json\/wp\/v2\/pages"}],"about":[{"href":"https:\/\/www.fogorvos-fogaszat.hu\/en\/wp-json\/wp\/v2\/types\/page"}],"author":[{"embeddable":true,"href":"https:\/\/www.fogorvos-fogaszat.hu\/en\/wp-json\/wp\/v2\/users\/1"}],"replies":[{"embeddable":true,"href":"https:\/\/www.fogorvos-fogaszat.hu\/en\/wp-json\/wp\/v2\/comments?post=16"}],"version-history":[{"count":18,"href":"https:\/\/www.fogorvos-fogaszat.hu\/en\/wp-json\/wp\/v2\/pages\/16\/revisions"}],"predecessor-version":[{"id":805,"href":"https:\/\/www.fogorvos-fogaszat.hu\/en\/wp-json\/wp\/v2\/pages\/16\/revisions\/805"}],"wp:attachment":[{"href":"https:\/\/www.fogorvos-fogaszat.hu\/en\/wp-json\/wp\/v2\/media?parent=16"}],"curies":[{"name":"wp","href":"https:\/\/api.w.org\/{rel}","templated":true}]}}